{"id":1078,"date":"2025-02-19T13:17:06","date_gmt":"2025-02-19T13:17:06","guid":{"rendered":"https:\/\/finovate.vamtam.com\/?page_id=1078"},"modified":"2026-03-03T15:23:06","modified_gmt":"2026-03-03T12:23:06","slug":"our-philosophy","status":"publish","type":"page","link":"https:\/\/www.cumbul.com.tr\/en\/hakkimizda\/our-philosophy\/","title":{"rendered":"Sustainability"},"content":{"rendered":"\t\t<div data-elementor-type=\"wp-page\" data-elementor-id=\"1078\" class=\"elementor elementor-1078\" data-elementor-post-type=\"page\">\n\t\t\t\t<div class=\"elementor-element elementor-element-6229580 e-flex e-con-boxed e-con e-parent\" data-id=\"6229580\" data-element_type=\"container\">\n\t\t\t\t\t<div class=\"e-con-inner\">\n\t\t<div class=\"elementor-element elementor-element-0746d8f e-con-full e-flex e-con e-child\" data-id=\"0746d8f\" data-element_type=\"container\" data-settings=\"{&quot;background_background&quot;:&quot;video&quot;,&quot;background_video_link&quot;:&quot;https:\\\/\\\/youtu.be\\\/FoSehDbULMk?si=LvBTSLO_SpCAh-iX&quot;,&quot;background_video_start&quot;:30,&quot;background_video_end&quot;:40,&quot;background_play_on_mobile&quot;:&quot;yes&quot;}\">\n\t\t<div class=\"elementor-background-video-container\" aria-hidden=\"true\">\n\t\t\t\t\t\t\t<div class=\"elementor-background-video-embed\"><\/div>\n\t\t\t\t\t\t<\/div>\t\t<\/div>\n\t\t\t\t\t<\/div>\n\t\t\t\t<\/div>\n\t\t<div class=\"elementor-element elementor-element-dd322a1 e-flex e-con-boxed e-con e-parent\" data-id=\"dd322a1\" data-element_type=\"container\">\n\t\t\t\t\t<div class=\"e-con-inner\">\n\t\t\t\t<div class=\"elementor-element elementor-element-d8330cc elementor-invisible elementor-widget__width-auto animated-fast elementor-widget elementor-widget-heading\" data-id=\"d8330cc\" data-element_type=\"widget\" data-settings=\"{&quot;_animation&quot;:&quot;fadeIn&quot;,&quot;_animation_delay&quot;:50}\" data-widget_type=\"heading.default\">\n\t\t\t\t<div class=\"elementor-widget-container\">\n\t\t\t\t\t<div class=\"elementor-heading-title elementor-size-default\">S\u00fcrd\u00fcr\u00fclebilirlik &amp; \u00c7evre<\/div>\t\t\t\t<\/div>\n\t\t\t\t<\/div>\n\t\t<div class=\"elementor-element elementor-element-1e3eb03 e-con-full e-flex e-con e-child\" data-id=\"1e3eb03\" data-element_type=\"container\">\n\t\t<div class=\"elementor-element elementor-element-0529a98 e-con-full e-flex e-con e-child\" data-id=\"0529a98\" data-element_type=\"container\">\n\t\t\t\t<div class=\"elementor-element elementor-element-d42ecd9 elementor-invisible animated-fast elementor-widget elementor-widget-heading\" data-id=\"d42ecd9\" data-element_type=\"widget\" data-settings=\"{&quot;_animation&quot;:&quot;fadeIn&quot;}\" data-widget_type=\"heading.default\">\n\t\t\t\t<div class=\"elementor-widget-container\">\n\t\t\t\t\t<h2 class=\"elementor-heading-title elementor-size-default\">S\u00fcrd\u00fcr\u00fclebilirlik <span class=\"color-accent-4\">Yakla\u015f\u0131m\u0131<\/span> <\/h2>\t\t\t\t<\/div>\n\t\t\t\t<\/div>\n\t\t\t\t<\/div>\n\t\t<div class=\"elementor-element elementor-element-66ba116 e-con-full e-flex e-con e-child\" data-id=\"66ba116\" data-element_type=\"container\">\n\t\t\t\t<div class=\"elementor-element elementor-element-1b0e2b5 elementor-invisible animated-fast elementor-widget elementor-widget-text-editor\" data-id=\"1b0e2b5\" data-element_type=\"widget\" data-settings=\"{&quot;_animation&quot;:&quot;fadeIn&quot;}\" data-widget_type=\"text-editor.default\">\n\t\t\t\t<div class=\"elementor-widget-container\">\n\t\t\t\t\t\t\t\t\t<p data-start=\"273\" data-end=\"511\">Cumbul Global i\u00e7in s\u00fcrd\u00fcr\u00fclebilirlik; bir tercih de\u011fil, t\u00fcm i\u015f yap\u0131\u015f bi\u00e7iminin temelidir. Faaliyet g\u00f6sterdi\u011fimiz her alanda \u00e7evresel, sosyal ve ekonomik dengeleri g\u00f6zeterek; uzun \u00f6m\u00fcrl\u00fc, sorumlu ve de\u011fer \u00fcreten yap\u0131lar kurmay\u0131 hedefleriz.<\/p><p data-start=\"513\" data-end=\"641\">Projelerimizi yaln\u0131zca bug\u00fcn\u00fcn ihtiya\u00e7lar\u0131na g\u00f6re de\u011fil, gelece\u011fin beklentilerini de dikkate alarak planlar ve hayata ge\u00e7iririz.<\/p>\t\t\t\t\t\t\t\t<\/div>\n\t\t\t\t<\/div>\n\t\t\t\t<\/div>\n\t\t\t\t<\/div>\n\t\t\t\t\t<\/div>\n\t\t\t\t<\/div>\n\t\t<div class=\"elementor-element elementor-element-ee22257 e-flex e-con-boxed e-con e-parent\" data-id=\"ee22257\" data-element_type=\"container\">\n\t\t\t\t\t<div class=\"e-con-inner\">\n\t\t<div class=\"elementor-element elementor-element-51c8f70 elementor-invisible e-con-full animated-fast e-flex e-con e-child\" data-id=\"51c8f70\" data-element_type=\"container\" data-settings=\"{&quot;background_background&quot;:&quot;classic&quot;,&quot;animation&quot;:&quot;slideInUp&quot;,&quot;animation_delay&quot;:50}\">\n\t\t\t\t<\/div>\n\t\t<div class=\"elementor-element elementor-element-4f9cbac elementor-invisible e-con-full animated-fast e-flex e-con e-child\" data-id=\"4f9cbac\" data-element_type=\"container\" data-settings=\"{&quot;background_background&quot;:&quot;classic&quot;,&quot;animation&quot;:&quot;slideInUp&quot;,&quot;animation_delay&quot;:100}\">\n\t\t<div class=\"elementor-element elementor-element-0407daa e-con-full e-flex e-con e-child\" data-id=\"0407daa\" data-element_type=\"container\">\n\t\t<div class=\"elementor-element elementor-element-aca84fc e-con-full e-flex e-con e-child\" data-id=\"aca84fc\" data-element_type=\"container\">\n\t\t<div class=\"elementor-element elementor-element-e996dc8 e-con-full e-flex e-con e-child\" data-id=\"e996dc8\" data-element_type=\"container\">\n\t\t\t\t<div class=\"elementor-element elementor-element-ffe0cb6 elementor-widget elementor-widget-heading\" data-id=\"ffe0cb6\" data-element_type=\"widget\" data-widget_type=\"heading.default\">\n\t\t\t\t<div class=\"elementor-widget-container\">\n\t\t\t\t\t<h3 class=\"elementor-heading-title elementor-size-default\">\u00c7evresel Sorumluluk &amp; Toplumsal Katk\u0131<\/h3>\t\t\t\t<\/div>\n\t\t\t\t<\/div>\n\t\t\t\t<\/div>\n\t\t\t\t<div class=\"elementor-element elementor-element-b8107c1 elementor-widget elementor-widget-image\" data-id=\"b8107c1\" data-element_type=\"widget\" data-widget_type=\"image.default\">\n\t\t\t\t<div class=\"elementor-widget-container\">\n\t\t\t\t\t\t\t\t\t\t\t\t\t\t\t<img fetchpriority=\"high\" decoding=\"async\" width=\"270\" height=\"270\" src=\"https:\/\/www.cumbul.com.tr\/wp-content\/uploads\/2025\/12\/cumbul-icon2.png\" class=\"attachment-large size-large wp-image-988094\" alt=\"\" srcset=\"https:\/\/www.cumbul.com.tr\/wp-content\/uploads\/2025\/12\/cumbul-icon2.png 270w, https:\/\/www.cumbul.com.tr\/wp-content\/uploads\/2025\/12\/cumbul-icon2-150x150.png 150w\" sizes=\"(max-width: 270px) 100vw, 270px\" \/>\t\t\t\t\t\t\t\t\t\t\t\t\t\t\t<\/div>\n\t\t\t\t<\/div>\n\t\t\t\t<\/div>\n\t\t\t\t<\/div>\n\t\t\t\t<div class=\"elementor-element elementor-element-6c48b8a elementor-widget elementor-widget-text-editor\" data-id=\"6c48b8a\" data-element_type=\"widget\" data-widget_type=\"text-editor.default\">\n\t\t\t\t<div class=\"elementor-widget-container\">\n\t\t\t\t\t\t\t\t\t<p data-start=\"957\" data-end=\"1207\">Kaynaklar\u0131n verimli kullan\u0131m\u0131, \u00e7evreye duyarl\u0131 \u00e7\u00f6z\u00fcmler ve uzun vadeli etki analizi, Cumbul Global projelerinin ayr\u0131lmaz bir par\u00e7as\u0131d\u0131r.<br data-start=\"1093\" data-end=\"1096\" \/>Enerji, ula\u015f\u0131m, turizm ve hizmet alanlar\u0131ndaki yat\u0131r\u0131mlar; \u00e7evresel etkileri minimize edecek \u015fekilde planlan\u0131r.<\/p><p data-start=\"1209\" data-end=\"1305\">Ama\u00e7; bulundu\u011fumuz her lokasyonda do\u011fayla uyumlu, dengeli ve s\u00fcrd\u00fcr\u00fclebilir \u00e7\u00f6z\u00fcmler \u00fcretmektir.<\/p><p data-start=\"1337\" data-end=\"1572\">Cumbul Global, faaliyet g\u00f6sterdi\u011fi alanlarda yaln\u0131zca ekonomik de\u011fil, sosyal de\u011fer de \u00fcretmeyi \u00f6nemser.<br data-start=\"1440\" data-end=\"1443\" \/>\u0130stihdam yaratma, g\u00fcvenli \u00e7al\u0131\u015fma ortamlar\u0131 olu\u015fturma ve kullan\u0131c\u0131 deneyimini iyile\u015ftirme, toplumsal katk\u0131n\u0131n temel unsurlar\u0131d\u0131r.<\/p><p data-start=\"1574\" data-end=\"1708\">Geli\u015ftirilen her proje; bulundu\u011fu \u00e7evreyle uyumlu, yerel dinamikleri g\u00f6zeten ve uzun vadede fayda sa\u011flayan bir yap\u0131 olarak ele al\u0131n\u0131r.<\/p>\t\t\t\t\t\t\t\t<\/div>\n\t\t\t\t<\/div>\n\t\t\t\t<\/div>\n\t\t\t\t\t<\/div>\n\t\t\t\t<\/div>\n\t\t<div class=\"elementor-element elementor-element-ca52519 e-flex e-con-boxed e-con e-parent\" data-id=\"ca52519\" data-element_type=\"container\">\n\t\t\t\t\t<div class=\"e-con-inner\">\n\t\t\t\t<div class=\"elementor-element elementor-element-7bb6c07 elementor-invisible animated-fast elementor-widget elementor-widget-heading\" data-id=\"7bb6c07\" data-element_type=\"widget\" data-settings=\"{&quot;_animation&quot;:&quot;fadeIn&quot;}\" data-widget_type=\"heading.default\">\n\t\t\t\t<div class=\"elementor-widget-container\">\n\t\t\t\t\t<h2 class=\"elementor-heading-title elementor-size-default\">Kaynaklar\u0131n  <span class=\"color-accent-4\">Verimli<\/span> Kullan\u0131m\u0131<\/h2>\t\t\t\t<\/div>\n\t\t\t\t<\/div>\n\t\t\t\t<div class=\"elementor-element elementor-element-5a21fba elementor-invisible elementor-widget__width-initial animated-fast elementor-widget elementor-widget-text-editor\" data-id=\"5a21fba\" data-element_type=\"widget\" data-settings=\"{&quot;_animation&quot;:&quot;fadeIn&quot;}\" data-widget_type=\"text-editor.default\">\n\t\t\t\t<div class=\"elementor-widget-container\">\n\t\t\t\t\t\t\t\t\t<p>Cumbul Global\u2019de kaynaklar\u0131n verimli kullan\u0131m\u0131, geli\u015ftirdi\u011fimiz her projenin temelinde yer al\u0131r. Planlama a\u015famas\u0131ndan uzun vadeli i\u015fletmeye kadar t\u00fcm s\u00fcre\u00e7lerde; enerji t\u00fcketimini azaltan, do\u011fal kaynaklar\u0131 koruyan ve \u00e7evresel etkiyi minimize eden \u00e7\u00f6z\u00fcmleri \u00f6nceliklendiririz.<\/p>\t\t\t\t\t\t\t\t<\/div>\n\t\t\t\t<\/div>\n\t\t\t\t\t<\/div>\n\t\t\t\t<\/div>\n\t\t<div class=\"elementor-element elementor-element-0ccfa99 e-flex e-con-boxed e-con e-parent\" data-id=\"0ccfa99\" data-element_type=\"container\" data-settings=\"{&quot;background_background&quot;:&quot;classic&quot;}\">\n\t\t\t\t\t<div class=\"e-con-inner\">\n\t\t<div class=\"elementor-element elementor-element-821984f e-con-full e-flex e-con e-child\" data-id=\"821984f\" data-element_type=\"container\">\n\t\t<div class=\"elementor-element elementor-element-8188c41 elementor-invisible e-con-full blur-background animated-fast e-flex e-con e-child\" data-id=\"8188c41\" data-element_type=\"container\" data-settings=\"{&quot;background_background&quot;:&quot;classic&quot;,&quot;sticky&quot;:&quot;bottom&quot;,&quot;sticky_on&quot;:[&quot;desktop&quot;],&quot;sticky_offset&quot;:60,&quot;sticky_parent&quot;:&quot;yes&quot;,&quot;animation&quot;:&quot;fadeIn&quot;,&quot;sticky_effects_offset&quot;:0,&quot;sticky_anchor_link_offset&quot;:0}\">\n\t\t\t\t<div class=\"elementor-element elementor-element-f317569 elementor-widget elementor-widget-heading\" data-id=\"f317569\" data-element_type=\"widget\" data-widget_type=\"heading.default\">\n\t\t\t\t<div class=\"elementor-widget-container\">\n\t\t\t\t\t<h2 class=\"elementor-heading-title elementor-size-default\">Gelecek \u0130\u00e7in Bug\u00fcn <\/h2>\t\t\t\t<\/div>\n\t\t\t\t<\/div>\n\t\t\t\t<div class=\"elementor-element elementor-element-928b7b1 elementor-headline--style-rotate elementor-widget__width-auto elementor-widget elementor-widget-animated-headline\" data-id=\"928b7b1\" data-element_type=\"widget\" data-settings=\"{&quot;headline_style&quot;:&quot;rotate&quot;,&quot;rotating_text&quot;:&quot;Hareket Ediyoruz\\nDo\\u011fru Planl\\u0131yoruz\\nKal\\u0131c\\u0131 De\\u011fer Yarat\\u0131yoruz&quot;,&quot;rotate_iteration_delay&quot;:2000,&quot;animation_type&quot;:&quot;typing&quot;,&quot;loop&quot;:&quot;yes&quot;}\" data-widget_type=\"animated-headline.default\">\n\t\t\t\t<div class=\"elementor-widget-container\">\n\t\t\t\t\t\t\t<div class=\"elementor-headline elementor-headline-animation-type-typing elementor-headline-letters\">\r\n\t\t\t\t<span class=\"elementor-headline-dynamic-wrapper elementor-headline-text-wrapper\">\r\n\t\t\t\t\t<span class=\"elementor-headline-dynamic-text elementor-headline-text-active\">\r\n\t\t\t\tHareket&nbsp;Ediyoruz\t\t\t<\/span>\r\n\t\t\t\t\t<span class=\"elementor-headline-dynamic-text\">\r\n\t\t\t\tDo\u011fru&nbsp;Planl\u0131yoruz\t\t\t<\/span>\r\n\t\t\t\t\t<span class=\"elementor-headline-dynamic-text\">\r\n\t\t\t\tKal\u0131c\u0131&nbsp;De\u011fer&nbsp;Yarat\u0131yoruz\t\t\t<\/span>\r\n\t\t\t\t\t\t<\/span>\r\n\t\t\t\t<\/div>\r\n\t\t\t\t\t\t<\/div>\n\t\t\t\t<\/div>\n\t\t<div class=\"elementor-element elementor-element-f444272 e-con-full e-flex e-con e-child\" data-id=\"f444272\" data-element_type=\"container\">\n\t\t\t\t<div class=\"elementor-element elementor-element-9d781ff elementor-widget elementor-widget-heading\" data-id=\"9d781ff\" data-element_type=\"widget\" data-widget_type=\"heading.default\">\n\t\t\t\t<div class=\"elementor-widget-container\">\n\t\t\t\t\t<span class=\"elementor-heading-title elementor-size-default\">Sorumlu planlama ve s\u00fcrd\u00fcr\u00fclebilir uygulamalarla, \u00e7evreye sayg\u0131 g\u00f6sterirken uzun vadeli de\u011fer \u00fcretiriz.<\/span>\t\t\t\t<\/div>\n\t\t\t\t<\/div>\n\t\t\t\t<\/div>\n\t\t\t\t<\/div>\n\t\t\t\t<\/div>\n\t\t\t\t\t<\/div>\n\t\t\t\t<\/div>\n\t\t\t\t<\/div>\n\t\t","protected":false},"excerpt":{"rendered":"<p>S\u00fcrd\u00fcr\u00fclebilirlik &amp; \u00c7evre S\u00fcrd\u00fcr\u00fclebilirlik Yakla\u015f\u0131m\u0131 Cumbul Global i\u00e7in s\u00fcrd\u00fcr\u00fclebilirlik; bir tercih de\u011fil, t\u00fcm i\u015f yap\u0131\u015f bi\u00e7iminin temelidir. Faaliyet g\u00f6sterdi\u011fimiz her alanda \u00e7evresel, sosyal ve ekonomik dengeleri g\u00f6zeterek; uzun \u00f6m\u00fcrl\u00fc, sorumlu ve de\u011fer \u00fcreten yap\u0131lar kurmay\u0131 hedefleriz. Projelerimizi yaln\u0131zca bug\u00fcn\u00fcn ihtiya\u00e7lar\u0131na g\u00f6re de\u011fil, gelece\u011fin beklentilerini de dikkate alarak planlar ve hayata ge\u00e7iririz. \u00c7evresel Sorumluluk &amp; Toplumsal&#8230;<\/p>","protected":false},"author":1,"featured_media":3655,"parent":29,"menu_order":0,"comment_status":"closed","ping_status":"closed","template":"","meta":{"footnotes":""},"class_list":["post-1078","page","type-page","status-publish","has-post-thumbnail","hentry"],"_links":{"self":[{"href":"https:\/\/www.cumbul.com.tr\/en\/wp-json\/wp\/v2\/pages\/1078","targetHints":{"allow":["GET"]}}],"collection":[{"href":"https:\/\/www.cumbul.com.tr\/en\/wp-json\/wp\/v2\/pages"}],"about":[{"href":"https:\/\/www.cumbul.com.tr\/en\/wp-json\/wp\/v2\/types\/page"}],"author":[{"embeddable":true,"href":"https:\/\/www.cumbul.com.tr\/en\/wp-json\/wp\/v2\/users\/1"}],"replies":[{"embeddable":true,"href":"https:\/\/www.cumbul.com.tr\/en\/wp-json\/wp\/v2\/comments?post=1078"}],"version-history":[{"count":0,"href":"https:\/\/www.cumbul.com.tr\/en\/wp-json\/wp\/v2\/pages\/1078\/revisions"}],"up":[{"embeddable":true,"href":"https:\/\/www.cumbul.com.tr\/en\/wp-json\/wp\/v2\/pages\/29"}],"wp:featuredmedia":[{"embeddable":true,"href":"https:\/\/www.cumbul.com.tr\/en\/wp-json\/wp\/v2\/media\/3655"}],"wp:attachment":[{"href":"https:\/\/www.cumbul.com.tr\/en\/wp-json\/wp\/v2\/media?parent=1078"}],"curies":[{"name":"wp","href":"https:\/\/api.w.org\/{rel}","templated":true}]}}