{"id":3453,"date":"2025-02-27T15:00:00","date_gmt":"2025-02-27T15:00:00","guid":{"rendered":"https:\/\/finovate.vamtam.com\/?page_id=3453"},"modified":"2026-03-03T17:13:57","modified_gmt":"2026-03-03T14:13:57","slug":"strategic-consulting","status":"publish","type":"page","link":"https:\/\/www.cumbul.com.tr\/en\/stratejik-danismanlik\/","title":{"rendered":"Strategic Consulting"},"content":{"rendered":"\t\t<div data-elementor-type=\"wp-page\" data-elementor-id=\"3453\" class=\"elementor elementor-3453\" data-elementor-post-type=\"page\">\n\t\t\t\t<div class=\"elementor-element elementor-element-4e429fa e-con-full e-flex e-con e-parent\" data-id=\"4e429fa\" data-element_type=\"container\">\n\t\t<div class=\"elementor-element elementor-element-129cb5e e-flex e-con-boxed e-con e-child\" data-id=\"129cb5e\" data-element_type=\"container\" data-settings=\"{&quot;background_background&quot;:&quot;gradient&quot;}\">\n\t\t\t\t\t<div class=\"e-con-inner\">\n\t\t<div class=\"elementor-element elementor-element-6ace466 e-con-full e-flex e-con e-child\" data-id=\"6ace466\" data-element_type=\"container\">\n\t\t<div class=\"elementor-element elementor-element-f221c31 e-con-full e-flex e-con e-child\" data-id=\"f221c31\" data-element_type=\"container\">\n\t\t\t\t<div class=\"vamtam-has-theme-widget-styles elementor-element elementor-element-0a64927 elementor-invisible animated-fast elementor-widget elementor-widget-button\" data-id=\"0a64927\" data-element_type=\"widget\" data-settings=\"{&quot;_animation&quot;:&quot;fadeIn&quot;,&quot;_animation_delay&quot;:50}\" data-widget_type=\"button.default\">\n\t\t\t\t<div class=\"elementor-widget-container\">\n\t\t\t\t\t\t\t\t\t<div class=\"elementor-button-wrapper\">\n\t\t\t\t\t<a class=\"elementor-button elementor-button-link elementor-size-sm\" href=\"#\">\n\t\t\t\t\t\t<span class=\"elementor-button-content-wrapper\">\n\t\t\t\t\t\t\t\t\t<span class=\"elementor-button-text\">Stratejik Dan\u0131\u015fmanl\u0131k<\/span>\n\t\t\t\t\t<\/span>\n\t\t\t\t\t<\/a>\n\t\t\t\t<\/div>\n\t\t\t\t\t\t\t\t<\/div>\n\t\t\t\t<\/div>\n\t\t\t\t<div class=\"elementor-element elementor-element-b048ebb elementor-invisible animated-fast elementor-widget elementor-widget-heading\" data-id=\"b048ebb\" data-element_type=\"widget\" data-settings=\"{&quot;_animation&quot;:&quot;fadeIn&quot;,&quot;_animation_delay&quot;:100}\" data-widget_type=\"heading.default\">\n\t\t\t\t<div class=\"elementor-widget-container\">\n\t\t\t\t\t<h1 class=\"elementor-heading-title elementor-size-default\"><span class=\"color-accent-4\">De\u011fer Odakl\u0131 B\u00fcy\u00fcme <\/span> &amp; \u0130\u00e7in G\u00fc\u00e7l\u00fc Ortakl\u0131klar<\/h1>\t\t\t\t<\/div>\n\t\t\t\t<\/div>\n\t\t\t\t<div class=\"elementor-element elementor-element-b63a27a elementor-widget elementor-widget-heading\" data-id=\"b63a27a\" data-element_type=\"widget\" data-widget_type=\"heading.default\">\n\t\t\t\t<div class=\"elementor-widget-container\">\n\t\t\t\t\t<p class=\"elementor-heading-title elementor-size-default\">Cumbul Cooperation yaln\u0131zca yat\u0131r\u0131m yapmaz; yap\u0131 kurar.<\/p>\t\t\t\t<\/div>\n\t\t\t\t<\/div>\n\t\t\t\t<\/div>\n\t\t<div class=\"elementor-element elementor-element-a53ace3 e-con-full e-flex e-con e-child\" data-id=\"a53ace3\" data-element_type=\"container\">\n\t\t\t\t<div class=\"vamtam-has-theme-widget-styles elementor-element elementor-element-8bffd33 vamtam-has-icon-styles vamtam-has-hover-anim vamtam-has-outside-icon vamtam-icon-pos-row-reverse elementor-widget elementor-widget-button\" data-id=\"8bffd33\" data-element_type=\"widget\" data-widget_type=\"button.default\">\n\t\t\t\t<div class=\"elementor-widget-container\">\n\t\t\t\t\t\t\t\t\t<div class=\"elementor-button-wrapper\">\n\t\t\t\t\t<a class=\"elementor-button elementor-button-link elementor-size-sm\" href=\"#elementor-action%3Aaction%3Dpopup%3Aopen%26settings%3DeyJpZCI6Ijk4ODY5MyIsInRvZ2dsZSI6ZmFsc2UsImFsaWduX3dpdGhfcGFyZW50IjoiIn0%3D\">\n\t\t\t\t\t\t<span class=\"elementor-button-content-wrapper\">\n\t\t\t\t\t\t<span class=\"elementor-button-icon\">\n\t\t\t\t<i aria-hidden=\"true\" class=\"vamtamtheme- vamtam-theme-arrow-link-up\"><\/i>\t\t\t<\/span>\n\t\t\t\t\t\t\t\t\t<span class=\"elementor-button-text\">Toplant\u0131 Talep Et<\/span>\n\t\t\t\t\t<\/span>\n\t\t\t\t\t<\/a>\n\t\t\t\t<\/div>\n\t\t\t\t\t\t\t\t<\/div>\n\t\t\t\t<\/div>\n\t\t\t\t<\/div>\n\t\t\t\t<\/div>\n\t\t\t\t<div class=\"elementor-element elementor-element-20d8b61 animated-fast elementor-widget elementor-widget-image\" data-id=\"20d8b61\" data-element_type=\"widget\" data-settings=\"{&quot;_animation&quot;:&quot;none&quot;,&quot;_animation_delay&quot;:300}\" data-widget_type=\"image.default\">\n\t\t\t\t<div class=\"elementor-widget-container\">\n\t\t\t\t\t\t\t\t\t\t\t\t\t\t\t<img fetchpriority=\"high\" decoding=\"async\" width=\"2558\" height=\"1124\" src=\"https:\/\/www.cumbul.com.tr\/wp-content\/uploads\/2025\/02\/GettyImages-1887449071-1.jpg\" class=\"attachment-full size-full wp-image-3983\" alt=\"\" srcset=\"https:\/\/www.cumbul.com.tr\/wp-content\/uploads\/2025\/02\/GettyImages-1887449071-1.jpg 2558w, https:\/\/www.cumbul.com.tr\/wp-content\/uploads\/2025\/02\/GettyImages-1887449071-1-300x132.jpg 300w, https:\/\/www.cumbul.com.tr\/wp-content\/uploads\/2025\/02\/GettyImages-1887449071-1-1024x450.jpg 1024w, https:\/\/www.cumbul.com.tr\/wp-content\/uploads\/2025\/02\/GettyImages-1887449071-1-768x337.jpg 768w, https:\/\/www.cumbul.com.tr\/wp-content\/uploads\/2025\/02\/GettyImages-1887449071-1-1536x675.jpg 1536w, https:\/\/www.cumbul.com.tr\/wp-content\/uploads\/2025\/02\/GettyImages-1887449071-1-2048x900.jpg 2048w\" sizes=\"(max-width: 2558px) 100vw, 2558px\" \/>\t\t\t\t\t\t\t\t\t\t\t\t\t\t\t<\/div>\n\t\t\t\t<\/div>\n\t\t\t\t\t<\/div>\n\t\t\t\t<\/div>\n\t\t\t\t<\/div>\n\t\t<div class=\"elementor-element elementor-element-94c70b9 e-flex e-con-boxed e-con e-parent\" data-id=\"94c70b9\" data-element_type=\"container\">\n\t\t\t\t\t<div class=\"e-con-inner\">\n\t\t<div class=\"elementor-element elementor-element-ec740db e-con-full e-flex e-con e-child\" data-id=\"ec740db\" data-element_type=\"container\">\n\t\t<div class=\"elementor-element elementor-element-4b850e0 e-con-full e-flex e-con e-child\" data-id=\"4b850e0\" data-element_type=\"container\">\n\t\t\t\t<div class=\"elementor-element elementor-element-e2eb738 elementor-invisible animated-fast elementor-widget-tablet__width-inherit elementor-widget elementor-widget-text-editor\" data-id=\"e2eb738\" data-element_type=\"widget\" data-settings=\"{&quot;_animation&quot;:&quot;fadeIn&quot;,&quot;_animation_delay&quot;:0}\" data-widget_type=\"text-editor.default\">\n\t\t\t\t<div class=\"elementor-widget-container\">\n\t\t\t\t\t\t\t\t\t<p data-start=\"271\" data-end=\"606\">Cumbul Cooperation, \u015firketlerin sadece bug\u00fcnk\u00fc ihtiya\u00e7lar\u0131na de\u011fil, gelecekteki s\u00fcrd\u00fcr\u00fclebilir b\u00fcy\u00fcme hedeflerine odaklanan stratejik dan\u0131\u015fmanl\u0131k hizmetleri sunar.<br data-start=\"434\" data-end=\"437\" \/>Amac\u0131m\u0131z; kurumlar\u0131n finansal, y\u00f6netsel ve operasyonel yap\u0131s\u0131n\u0131 g\u00fc\u00e7lendirerek onlar\u0131 uzun vadeli, \u00f6l\u00e7eklenebilir ve yat\u0131r\u0131mc\u0131ya haz\u0131r organizasyonlar haline getirmektir.<\/p><p data-start=\"608\" data-end=\"886\">Stratejik dan\u0131\u015fmanl\u0131k yakla\u015f\u0131m\u0131m\u0131z; analize dayal\u0131 karar alma, do\u011fru finansal mimariyi kurma ve g\u00fc\u00e7l\u00fc y\u00f6neti\u015fim modelleri olu\u015fturma prensipleri \u00fczerine in\u015fa edilir.<br data-start=\"772\" data-end=\"775\" \/>Her projede \u015firketlere \u00f6zel yol haritalar\u0131 geli\u015ftirir, sadece dan\u0131\u015fmanl\u0131k de\u011fil kurumsal d\u00f6n\u00fc\u015f\u00fcm orta\u011f\u0131 oluruz.<\/p>\t\t\t\t\t\t\t\t<\/div>\n\t\t\t\t<\/div>\n\t\t\t\t<\/div>\n\t\t\t\t<\/div>\n\t\t\t\t\t<\/div>\n\t\t\t\t<\/div>\n\t\t<div class=\"elementor-element elementor-element-59b98e1 e-flex e-con-boxed e-con e-child\" data-id=\"59b98e1\" data-element_type=\"container\">\n\t\t\t\t\t<div class=\"e-con-inner\">\n\t\t<div class=\"elementor-element elementor-element-99f859b e-con-full e-flex e-con e-child\" data-id=\"99f859b\" data-element_type=\"container\" data-settings=\"{&quot;background_background&quot;:&quot;classic&quot;}\">\n\t\t\t\t<\/div>\n\t\t<div class=\"elementor-element elementor-element-9ae4675 e-con-full e-flex e-con e-child\" data-id=\"9ae4675\" data-element_type=\"container\" data-settings=\"{&quot;background_background&quot;:&quot;classic&quot;}\">\n\t\t<div class=\"elementor-element elementor-element-f8daee5 e-con-full e-flex e-con e-child\" data-id=\"f8daee5\" data-element_type=\"container\">\n\t\t\t\t<div class=\"elementor-element elementor-element-16930b9 elementor-invisible elementor-widget__width-initial animated-fast elementor-widget elementor-widget-heading\" data-id=\"16930b9\" data-element_type=\"widget\" data-settings=\"{&quot;_animation&quot;:&quot;slideInUp&quot;,&quot;_animation_delay&quot;:50}\" data-widget_type=\"heading.default\">\n\t\t\t\t<div class=\"elementor-widget-container\">\n\t\t\t\t\t<h3 class=\"elementor-heading-title elementor-size-default\">Vizyon Bug\u00fcn Planlan\u0131r, Yar\u0131n De\u011fere D\u00f6n\u00fc\u015f\u00fcr<\/h3>\t\t\t\t<\/div>\n\t\t\t\t<\/div>\n\t\t\t\t<div class=\"vamtam-has-theme-widget-styles elementor-element elementor-element-3faffb8 elementor-absolute elementor-view-stacked elementor-shape-circle elementor-widget elementor-widget-icon\" data-id=\"3faffb8\" data-element_type=\"widget\" data-settings=\"{&quot;_position&quot;:&quot;absolute&quot;}\" data-widget_type=\"icon.default\">\n\t\t\t\t<div class=\"elementor-widget-container\">\n\t\t\t\t\t\t\t<div class=\"elementor-icon-wrapper\">\n\t\t\t<div class=\"elementor-icon\">\n\t\t\t<i aria-hidden=\"true\" class=\"vamtamtheme- vamtam-theme-finance\"><\/i>\t\t\t<\/div>\n\t\t<\/div>\n\t\t\t\t\t\t<\/div>\n\t\t\t\t<\/div>\n\t\t\t\t<\/div>\n\t\t\t\t<div class=\"elementor-element elementor-element-602c943 elementor-invisible elementor-widget__width-initial animated-fast elementor-widget elementor-widget-text-editor\" data-id=\"602c943\" data-element_type=\"widget\" data-settings=\"{&quot;_animation&quot;:&quot;fadeIn&quot;,&quot;_animation_delay&quot;:100}\" data-widget_type=\"text-editor.default\">\n\t\t\t\t<div class=\"elementor-widget-container\">\n\t\t\t\t\t\t\t\t\t<ul><li>Kurumsal finans yap\u0131land\u0131rma,<\/li><li>Project finance<\/li><li>Sermaye planlama<\/li><li>M&amp;A dan\u0131\u015fmanl\u0131\u011f\u0131<\/li><li>Y\u00f6netim kurulu yap\u0131land\u0131rma<\/li><li>Kurumsalla\u015fma &amp; y\u00f6neti\u015fim<\/li><\/ul>\t\t\t\t\t\t\t\t<\/div>\n\t\t\t\t<\/div>\n\t\t\t\t<\/div>\n\t\t\t\t\t<\/div>\n\t\t\t\t<\/div>\n\t\t<div class=\"elementor-element elementor-element-1854bf9 e-con-full e-flex e-con e-parent\" data-id=\"1854bf9\" data-element_type=\"container\">\n\t\t<div class=\"elementor-element elementor-element-2be25df e-flex e-con-boxed e-con e-child\" data-id=\"2be25df\" data-element_type=\"container\" data-settings=\"{&quot;background_background&quot;:&quot;gradient&quot;}\">\n\t\t\t\t\t<div class=\"e-con-inner\">\n\t\t\t\t<div class=\"elementor-element elementor-element-14c5ecc elementor-invisible elementor-widget__width-initial animated-fast elementor-widget elementor-widget-heading\" data-id=\"14c5ecc\" data-element_type=\"widget\" data-settings=\"{&quot;_animation&quot;:&quot;fadeIn&quot;}\" data-widget_type=\"heading.default\">\n\t\t\t\t<div class=\"elementor-widget-container\">\n\t\t\t\t\t<h2 class=\"elementor-heading-title elementor-size-default\">Yat\u0131r\u0131m S\u00fcreci<span class=\"color-accent-4\"> Nas\u0131l \u0130\u015fler ? <\/span><\/h2>\t\t\t\t<\/div>\n\t\t\t\t<\/div>\n\t\t<div class=\"elementor-element elementor-element-4ef69e0 e-con-full e-flex e-con e-child\" data-id=\"4ef69e0\" data-element_type=\"container\">\n\t\t<div class=\"elementor-element elementor-element-66b1e07 elementor-invisible e-con-full vamtam-icon-hover-parent animated-fast e-flex e-con e-child\" data-id=\"66b1e07\" data-element_type=\"container\" data-settings=\"{&quot;background_background&quot;:&quot;classic&quot;,&quot;animation&quot;:&quot;slideInUp&quot;,&quot;animation_delay&quot;:0}\">\n\t\t<div class=\"elementor-element elementor-element-97151d7 e-con-full e-flex e-con e-child\" data-id=\"97151d7\" data-element_type=\"container\" data-settings=\"{&quot;background_background&quot;:&quot;classic&quot;}\">\n\t\t\t\t<div class=\"elementor-element elementor-element-9f9892d elementor-widget elementor-widget-heading\" data-id=\"9f9892d\" data-element_type=\"widget\" data-widget_type=\"heading.default\">\n\t\t\t\t<div class=\"elementor-widget-container\">\n\t\t\t\t\t<div class=\"elementor-heading-title elementor-size-default\">01<\/div>\t\t\t\t<\/div>\n\t\t\t\t<\/div>\n\t\t\t\t<\/div>\n\t\t<div class=\"elementor-element elementor-element-b4e5c97 e-con-full e-flex e-con e-child\" data-id=\"b4e5c97\" data-element_type=\"container\" data-settings=\"{&quot;background_background&quot;:&quot;classic&quot;}\">\n\t\t\t\t<div class=\"elementor-element elementor-element-8a0baf4 elementor-widget elementor-widget-heading\" data-id=\"8a0baf4\" data-element_type=\"widget\" data-widget_type=\"heading.default\">\n\t\t\t\t<div class=\"elementor-widget-container\">\n\t\t\t\t\t<h4 class=\"elementor-heading-title elementor-size-default\">\u00d6n De\u011ferlendirme &amp; Fizibilite<\/h4>\t\t\t\t<\/div>\n\t\t\t\t<\/div>\n\t\t\t\t<div class=\"elementor-element elementor-element-6a1834a elementor-widget elementor-widget-text-editor\" data-id=\"6a1834a\" data-element_type=\"widget\" data-widget_type=\"text-editor.default\">\n\t\t\t\t<div class=\"elementor-widget-container\">\n\t\t\t\t\t\t\t\t\t<p>Yat\u0131r\u0131m\u0131n teknik, finansal ve operasyonel uygunlu\u011fu detayl\u0131 analizlerle de\u011ferlendirilir. Riskler, potansiyel getiriler ve uzun vadeli s\u00fcrd\u00fcr\u00fclebilirlik bu a\u015famada netle\u015ftirilir.<\/p>\t\t\t\t\t\t\t\t<\/div>\n\t\t\t\t<\/div>\n\t\t\t\t<\/div>\n\t\t\t\t<\/div>\n\t\t<div class=\"elementor-element elementor-element-013b3fc elementor-invisible e-con-full vamtam-icon-hover-parent animated-fast e-flex e-con e-child\" data-id=\"013b3fc\" data-element_type=\"container\" data-settings=\"{&quot;background_background&quot;:&quot;classic&quot;,&quot;animation&quot;:&quot;slideInUp&quot;,&quot;animation_delay&quot;:50}\">\n\t\t<div class=\"elementor-element elementor-element-59863e6 e-con-full e-flex e-con e-child\" data-id=\"59863e6\" data-element_type=\"container\" data-settings=\"{&quot;background_background&quot;:&quot;classic&quot;}\">\n\t\t\t\t<div class=\"elementor-element elementor-element-9f25dc4 elementor-widget elementor-widget-heading\" data-id=\"9f25dc4\" data-element_type=\"widget\" data-widget_type=\"heading.default\">\n\t\t\t\t<div class=\"elementor-widget-container\">\n\t\t\t\t\t<div class=\"elementor-heading-title elementor-size-default\">02<\/div>\t\t\t\t<\/div>\n\t\t\t\t<\/div>\n\t\t\t\t<\/div>\n\t\t<div class=\"elementor-element elementor-element-d5310f5 e-con-full e-flex e-con e-child\" data-id=\"d5310f5\" data-element_type=\"container\" data-settings=\"{&quot;background_background&quot;:&quot;classic&quot;}\">\n\t\t\t\t<div class=\"elementor-element elementor-element-960c27b elementor-widget elementor-widget-heading\" data-id=\"960c27b\" data-element_type=\"widget\" data-widget_type=\"heading.default\">\n\t\t\t\t<div class=\"elementor-widget-container\">\n\t\t\t\t\t<h4 class=\"elementor-heading-title elementor-size-default\">Stratejik Planlama &amp; Modelleme<\/h4>\t\t\t\t<\/div>\n\t\t\t\t<\/div>\n\t\t\t\t<div class=\"elementor-element elementor-element-d90b3b3 elementor-widget elementor-widget-text-editor\" data-id=\"d90b3b3\" data-element_type=\"widget\" data-widget_type=\"text-editor.default\">\n\t\t\t\t<div class=\"elementor-widget-container\">\n\t\t\t\t\t\t\t\t\t<p>Projenin hedefleri do\u011frultusunda en uygun yat\u0131r\u0131m ve i\u015fletme modeli olu\u015fturulur. Finansal projeksiyonlar, senaryolar ve b\u00fcy\u00fcme stratejileri bu a\u015famada belirlenir.<\/p>\t\t\t\t\t\t\t\t<\/div>\n\t\t\t\t<\/div>\n\t\t\t\t<\/div>\n\t\t\t\t<\/div>\n\t\t<div class=\"elementor-element elementor-element-aa5071c elementor-invisible e-con-full vamtam-icon-hover-parent animated-fast e-flex e-con e-child\" data-id=\"aa5071c\" data-element_type=\"container\" data-settings=\"{&quot;background_background&quot;:&quot;classic&quot;,&quot;animation&quot;:&quot;slideInUp&quot;,&quot;animation_delay&quot;:100}\">\n\t\t<div class=\"elementor-element elementor-element-a3a99ba e-con-full e-flex e-con e-child\" data-id=\"a3a99ba\" data-element_type=\"container\" data-settings=\"{&quot;background_background&quot;:&quot;classic&quot;}\">\n\t\t\t\t<div class=\"elementor-element elementor-element-1310503 elementor-widget elementor-widget-heading\" data-id=\"1310503\" data-element_type=\"widget\" data-widget_type=\"heading.default\">\n\t\t\t\t<div class=\"elementor-widget-container\">\n\t\t\t\t\t<div class=\"elementor-heading-title elementor-size-default\">03<\/div>\t\t\t\t<\/div>\n\t\t\t\t<\/div>\n\t\t\t\t<\/div>\n\t\t<div class=\"elementor-element elementor-element-fbd53c9 e-con-full e-flex e-con e-child\" data-id=\"fbd53c9\" data-element_type=\"container\" data-settings=\"{&quot;background_background&quot;:&quot;classic&quot;}\">\n\t\t\t\t<div class=\"elementor-element elementor-element-5840d16 elementor-widget elementor-widget-heading\" data-id=\"5840d16\" data-element_type=\"widget\" data-widget_type=\"heading.default\">\n\t\t\t\t<div class=\"elementor-widget-container\">\n\t\t\t\t\t<h4 class=\"elementor-heading-title elementor-size-default\">Yat\u0131r\u0131m Karar\u0131 &amp; S\u00f6zle\u015fme S\u00fcreci<\/h4>\t\t\t\t<\/div>\n\t\t\t\t<\/div>\n\t\t\t\t<div class=\"elementor-element elementor-element-a1db8a0 elementor-widget elementor-widget-text-editor\" data-id=\"a1db8a0\" data-element_type=\"widget\" data-widget_type=\"text-editor.default\">\n\t\t\t\t<div class=\"elementor-widget-container\">\n\t\t\t\t\t\t\t\t\t<p data-start=\"610\" data-end=\"796\">T\u00fcm de\u011ferlendirmeler \u0131\u015f\u0131\u011f\u0131nda yat\u0131r\u0131m karar\u0131 al\u0131n\u0131r ve taraflar\u0131n sorumluluklar\u0131n\u0131 netle\u015ftiren s\u00f6zle\u015fme yap\u0131lar\u0131 olu\u015fturulur. \u015eeffafl\u0131k ve kar\u015f\u0131l\u0131kl\u0131 g\u00fcven bu s\u00fcrecin temelini olu\u015fturur.<\/p><h3 data-start=\"798\" data-end=\"837\">\u00a0<\/h3>\t\t\t\t\t\t\t\t<\/div>\n\t\t\t\t<\/div>\n\t\t\t\t<\/div>\n\t\t\t\t<\/div>\n\t\t<div class=\"elementor-element elementor-element-4f4c096 elementor-invisible e-con-full vamtam-icon-hover-parent animated-fast e-flex e-con e-child\" data-id=\"4f4c096\" data-element_type=\"container\" data-settings=\"{&quot;background_background&quot;:&quot;classic&quot;,&quot;animation&quot;:&quot;slideInUp&quot;,&quot;animation_delay&quot;:150}\">\n\t\t<div class=\"elementor-element elementor-element-228be19 e-con-full e-flex e-con e-child\" data-id=\"228be19\" data-element_type=\"container\" data-settings=\"{&quot;background_background&quot;:&quot;classic&quot;}\">\n\t\t\t\t<div class=\"elementor-element elementor-element-02265ed elementor-widget elementor-widget-heading\" data-id=\"02265ed\" data-element_type=\"widget\" data-widget_type=\"heading.default\">\n\t\t\t\t<div class=\"elementor-widget-container\">\n\t\t\t\t\t<div class=\"elementor-heading-title elementor-size-default\">04<\/div>\t\t\t\t<\/div>\n\t\t\t\t<\/div>\n\t\t\t\t<\/div>\n\t\t<div class=\"elementor-element elementor-element-c53875c e-con-full e-flex e-con e-child\" data-id=\"c53875c\" data-element_type=\"container\" data-settings=\"{&quot;background_background&quot;:&quot;classic&quot;}\">\n\t\t\t\t<div class=\"elementor-element elementor-element-937936a elementor-widget elementor-widget-heading\" data-id=\"937936a\" data-element_type=\"widget\" data-widget_type=\"heading.default\">\n\t\t\t\t<div class=\"elementor-widget-container\">\n\t\t\t\t\t<h4 class=\"elementor-heading-title elementor-size-default\">Uygulama &amp; Operasyon Y\u00f6netimi<\/h4>\t\t\t\t<\/div>\n\t\t\t\t<\/div>\n\t\t\t\t<div class=\"elementor-element elementor-element-928db38 elementor-widget elementor-widget-text-editor\" data-id=\"928db38\" data-element_type=\"widget\" data-widget_type=\"text-editor.default\">\n\t\t\t\t<div class=\"elementor-widget-container\">\n\t\t\t\t\t\t\t\t\t<p>Proje, belirlenen plan do\u011frultusunda hayata ge\u00e7irilir ve operasyonel s\u00fcre\u00e7ler aktif olarak y\u00f6netilir. Kalite, verimlilik ve zaman y\u00f6netimi bu a\u015famada \u00f6nceliklendirilir.<\/p>\t\t\t\t\t\t\t\t<\/div>\n\t\t\t\t<\/div>\n\t\t\t\t<\/div>\n\t\t\t\t<\/div>\n\t\t\t\t<\/div>\n\t\t\t\t\t<\/div>\n\t\t\t\t<\/div>\n\t\t\t\t<\/div>\n\t\t<div class=\"elementor-element elementor-element-e8ac33f e-flex e-con-boxed e-con e-parent\" data-id=\"e8ac33f\" data-element_type=\"container\" data-settings=\"{&quot;background_background&quot;:&quot;classic&quot;}\">\n\t\t\t\t\t<div class=\"e-con-inner\">\n\t\t<div class=\"elementor-element elementor-element-43998f6 e-con-full e-flex e-con e-child\" data-id=\"43998f6\" data-element_type=\"container\">\n\t\t<div class=\"elementor-element elementor-element-dbd836e elementor-invisible e-con-full blur-background animated-fast e-flex e-con e-child\" data-id=\"dbd836e\" data-element_type=\"container\" data-settings=\"{&quot;background_background&quot;:&quot;classic&quot;,&quot;sticky&quot;:&quot;bottom&quot;,&quot;sticky_on&quot;:[&quot;desktop&quot;],&quot;sticky_offset&quot;:60,&quot;sticky_parent&quot;:&quot;yes&quot;,&quot;animation&quot;:&quot;fadeIn&quot;,&quot;sticky_effects_offset&quot;:0,&quot;sticky_anchor_link_offset&quot;:0}\">\n\t\t<div class=\"elementor-element elementor-element-9a07d60 e-con-full e-flex e-con e-child\" data-id=\"9a07d60\" data-element_type=\"container\">\n\t\t\t\t<\/div>\n\t\t\t\t<div class=\"elementor-element elementor-element-77a07f1 elementor-widget elementor-widget-heading\" data-id=\"77a07f1\" data-element_type=\"widget\" data-widget_type=\"heading.default\">\n\t\t\t\t<div class=\"elementor-widget-container\">\n\t\t\t\t\t<h2 class=\"elementor-heading-title elementor-size-default\">Neden Cumbul Global ile Ortakl\u0131k?<\/h2>\t\t\t\t<\/div>\n\t\t\t\t<\/div>\n\t\t\t\t<div class=\"elementor-element elementor-element-b0f2637 elementor-headline--style-rotate elementor-widget__width-auto elementor-widget elementor-widget-animated-headline\" data-id=\"b0f2637\" data-element_type=\"widget\" data-settings=\"{&quot;headline_style&quot;:&quot;rotate&quot;,&quot;rotating_text&quot;:&quot;S\\u00fcrd\\u00fcr\\u00fclebilir bak\\u0131\\u015f a\\u00e7\\u0131s\\u0131\\nG\\u00fc\\u00e7l\\u00fc operasyonel y\\u00f6netim\\nUzun vadeli de\\u011fer \\u00fcretimi&quot;,&quot;rotate_iteration_delay&quot;:2000,&quot;animation_type&quot;:&quot;typing&quot;,&quot;loop&quot;:&quot;yes&quot;}\" data-widget_type=\"animated-headline.default\">\n\t\t\t\t<div class=\"elementor-widget-container\">\n\t\t\t\t\t\t\t<div class=\"elementor-headline elementor-headline-animation-type-typing elementor-headline-letters\">\r\n\t\t\t\t<span class=\"elementor-headline-dynamic-wrapper elementor-headline-text-wrapper\">\r\n\t\t\t\t\t<span class=\"elementor-headline-dynamic-text elementor-headline-text-active\">\r\n\t\t\t\tS\u00fcrd\u00fcr\u00fclebilir&nbsp;bak\u0131\u015f&nbsp;a\u00e7\u0131s\u0131\t\t\t<\/span>\r\n\t\t\t\t\t<span class=\"elementor-headline-dynamic-text\">\r\n\t\t\t\tG\u00fc\u00e7l\u00fc&nbsp;operasyonel&nbsp;y\u00f6netim\t\t\t<\/span>\r\n\t\t\t\t\t<span class=\"elementor-headline-dynamic-text\">\r\n\t\t\t\tUzun&nbsp;vadeli&nbsp;de\u011fer&nbsp;\u00fcretimi\t\t\t<\/span>\r\n\t\t\t\t\t\t<\/span>\r\n\t\t\t\t<\/div>\r\n\t\t\t\t\t\t<\/div>\n\t\t\t\t<\/div>\n\t\t\t\t<\/div>\n\t\t\t\t<\/div>\n\t\t\t\t\t<\/div>\n\t\t\t\t<\/div>\n\t\t\t\t<\/div>\n\t\t","protected":false},"excerpt":{"rendered":"<p>Stratejik Dan\u0131\u015fmanl\u0131k De\u011fer Odakl\u0131 B\u00fcy\u00fcme &amp; \u0130\u00e7in G\u00fc\u00e7l\u00fc Ortakl\u0131klar Cumbul Cooperation yaln\u0131zca yat\u0131r\u0131m yapmaz; yap\u0131 kurar. Toplant\u0131 Talep Et Cumbul Cooperation, \u015firketlerin sadece bug\u00fcnk\u00fc ihtiya\u00e7lar\u0131na de\u011fil, gelecekteki s\u00fcrd\u00fcr\u00fclebilir b\u00fcy\u00fcme hedeflerine odaklanan stratejik dan\u0131\u015fmanl\u0131k hizmetleri sunar.Amac\u0131m\u0131z; kurumlar\u0131n finansal, y\u00f6netsel ve operasyonel yap\u0131s\u0131n\u0131 g\u00fc\u00e7lendirerek onlar\u0131 uzun vadeli, \u00f6l\u00e7eklenebilir ve yat\u0131r\u0131mc\u0131ya haz\u0131r organizasyonlar haline getirmektir. Stratejik dan\u0131\u015fmanl\u0131k yakla\u015f\u0131m\u0131m\u0131z;&#8230;<\/p>","protected":false},"author":1,"featured_media":3983,"parent":0,"menu_order":0,"comment_status":"closed","ping_status":"closed","template":"","meta":{"footnotes":""},"class_list":["post-3453","page","type-page","status-publish","has-post-thumbnail","hentry"],"_links":{"self":[{"href":"https:\/\/www.cumbul.com.tr\/en\/wp-json\/wp\/v2\/pages\/3453","targetHints":{"allow":["GET"]}}],"collection":[{"href":"https:\/\/www.cumbul.com.tr\/en\/wp-json\/wp\/v2\/pages"}],"about":[{"href":"https:\/\/www.cumbul.com.tr\/en\/wp-json\/wp\/v2\/types\/page"}],"author":[{"embeddable":true,"href":"https:\/\/www.cumbul.com.tr\/en\/wp-json\/wp\/v2\/users\/1"}],"replies":[{"embeddable":true,"href":"https:\/\/www.cumbul.com.tr\/en\/wp-json\/wp\/v2\/comments?post=3453"}],"version-history":[{"count":0,"href":"https:\/\/www.cumbul.com.tr\/en\/wp-json\/wp\/v2\/pages\/3453\/revisions"}],"wp:featuredmedia":[{"embeddable":true,"href":"https:\/\/www.cumbul.com.tr\/en\/wp-json\/wp\/v2\/media\/3983"}],"wp:attachment":[{"href":"https:\/\/www.cumbul.com.tr\/en\/wp-json\/wp\/v2\/media?parent=3453"}],"curies":[{"name":"wp","href":"https:\/\/api.w.org\/{rel}","templated":true}]}}