{"id":988732,"date":"2026-03-03T17:26:51","date_gmt":"2026-03-03T14:26:51","guid":{"rendered":"https:\/\/www.cumbul.com.tr\/?page_id=988732"},"modified":"2026-03-03T17:28:37","modified_gmt":"2026-03-03T14:28:37","slug":"kvkk-personal-data-protection-law-information-text","status":"publish","type":"page","link":"https:\/\/www.cumbul.com.tr\/en\/kvkk-aydinlatma-metni\/","title":{"rendered":"Personal Data Protection Law (KVKK) Information Text"},"content":{"rendered":"<div data-elementor-type=\"wp-page\" data-elementor-id=\"988732\" class=\"elementor elementor-988732\" data-elementor-post-type=\"page\">\n\t\t\t\t<div class=\"elementor-element elementor-element-4c32433a e-flex e-con-boxed e-con e-parent\" data-id=\"4c32433a\" data-element_type=\"container\">\n\t\t\t\t\t<div class=\"e-con-inner\">\n\t\t\t\t<div class=\"elementor-element elementor-element-ffd4747 elementor-widget elementor-widget-heading\" data-id=\"ffd4747\" data-element_type=\"widget\" data-widget_type=\"heading.default\">\n\t\t\t\t<div class=\"elementor-widget-container\">\n\t\t\t\t\t<h2 class=\"elementor-heading-title elementor-size-default\">Personal Data Protection Law (KVKK) Information Text<\/h2>\t\t\t\t<\/div>\n\t\t\t\t<\/div>\n\t\t\t\t<div class=\"elementor-element elementor-element-2c39270a elementor-widget elementor-widget-text-editor\" data-id=\"2c39270a\" data-element_type=\"widget\" data-widget_type=\"text-editor.default\">\n\t\t\t\t<div class=\"elementor-widget-container\">\n\t\t\t\t\t\t\t\t\t\n<p><strong>PERSONAL DATA PROTECTION LAW (KVKK) INFORMATION TEXT<\/strong><\/p>\n\n\n\n<p>In accordance with the Law No. 6698 on the Protection of Personal Data (&quot;KVKK&quot;), as the data controller <strong>Cumbul Global<\/strong> We process your personal data under the conditions described below:<\/p>\n\n\n\n<p><strong>1. Your Personal Data Processed:<\/strong> Your data, including your Name, Surname, Email address, Phone Number, Company Name, and the content of your messages, is processed through contact\/appointment forms and newsletter subscriptions.<\/p>\n\n\n\n<p><strong>2. Purposes of Processing Personal Data:<\/strong> Your data is processed for the purposes of conducting communication activities, creating and responding to your appointment requests, following up on requests and complaints, and, with your explicit consent, keeping you informed of corporate developments through newsletters.<\/p>\n\n\n\n<p><strong>3. Legal Grounds for Processing:<\/strong> Your personal data is collected and processed automatically based on the legal grounds of Article 5\/2 (c) (establishment or performance of a contract), Article 5\/2 (f) (legitimate interest of the data controller) and Article 5\/1 (explicit consent) for electronic messages (newsletters) of the KVKK (Personal Data Protection Law).<\/p>\n\n\n\n<p><strong>4. Transfer of Personal Data:<\/strong> Your personal data may only be shared with authorized public institutions and organizations for the purpose of fulfilling legal obligations; otherwise, it will not be transferred to any third party or institution.<\/p>\n\n\n\n<p><strong>5. Your Rights as a Data Subject:<\/strong> According to Article 11 of the KVKK (Law on Protection of Personal Data); you have the right to learn whether your personal data is being processed, to request information if it is being processed, to request correction if it is incomplete or inaccurate, and to request its deletion.<\/p>\n\n\n\n<p>Your requests <strong>info@cumbul.com.tr<\/strong> to email address or <em>Balat Neighborhood, Sanayi Street, \u0130nallar Street, 435 Inner Door No: 18, Nil\u00fcfer \/ Bursa<\/em> You can send it in writing to this address.<\/p>\n\t\t\t\t\t\t\t\t<\/div>\n\t\t\t\t<\/div>\n\t\t\t\t\t<\/div>\n\t\t\t\t<\/div>\n\t\t\t\t<\/div>","protected":false},"excerpt":{"rendered":"<p>K\u0130\u015e\u0130SEL VER\u0130LER\u0130N KORUNMASI KANUNU (KVKK) AYDINLATMA METN\u0130 6698 say\u0131l\u0131 Ki\u015fisel Verilerin Korunmas\u0131 Kanunu (&#8220;KVKK&#8221;) uyar\u0131nca, veri sorumlusu s\u0131fat\u0131yla Cumbul Global olarak ki\u015fisel verilerinizi a\u015fa\u011f\u0131da a\u00e7\u0131klanan \u015fartlarda i\u015flemekteyiz: 1. \u0130\u015flenen Ki\u015fisel Verileriniz: \u0130leti\u015fim\/Randevu formlar\u0131 ve b\u00fclten aboneli\u011fi arac\u0131l\u0131\u011f\u0131yla Ad, Soyad, E-posta adresi, Telefon Numaras\u0131, Firma Ad\u0131 ve iletti\u011finiz Mesaj i\u00e7eriklerinden olu\u015fan verileriniz i\u015flenmektedir. 2. Ki\u015fisel Verilerin&#8230;<\/p>","protected":false},"author":1,"featured_media":0,"parent":0,"menu_order":0,"comment_status":"closed","ping_status":"closed","template":"elementor_header_footer","meta":{"footnotes":""},"class_list":["post-988732","page","type-page","status-publish","hentry"],"_links":{"self":[{"href":"https:\/\/www.cumbul.com.tr\/en\/wp-json\/wp\/v2\/pages\/988732","targetHints":{"allow":["GET"]}}],"collection":[{"href":"https:\/\/www.cumbul.com.tr\/en\/wp-json\/wp\/v2\/pages"}],"about":[{"href":"https:\/\/www.cumbul.com.tr\/en\/wp-json\/wp\/v2\/types\/page"}],"author":[{"embeddable":true,"href":"https:\/\/www.cumbul.com.tr\/en\/wp-json\/wp\/v2\/users\/1"}],"replies":[{"embeddable":true,"href":"https:\/\/www.cumbul.com.tr\/en\/wp-json\/wp\/v2\/comments?post=988732"}],"version-history":[{"count":0,"href":"https:\/\/www.cumbul.com.tr\/en\/wp-json\/wp\/v2\/pages\/988732\/revisions"}],"wp:attachment":[{"href":"https:\/\/www.cumbul.com.tr\/en\/wp-json\/wp\/v2\/media?parent=988732"}],"curies":[{"name":"wp","href":"https:\/\/api.w.org\/{rel}","templated":true}]}}