{"id":988739,"date":"2026-03-03T17:29:37","date_gmt":"2026-03-03T14:29:37","guid":{"rendered":"https:\/\/www.cumbul.com.tr\/?page_id=988739"},"modified":"2026-03-03T17:30:22","modified_gmt":"2026-03-03T14:30:22","slug":"terms-of-use","status":"publish","type":"page","link":"https:\/\/www.cumbul.com.tr\/en\/kullanim-kosullari\/","title":{"rendered":"Terms of Use"},"content":{"rendered":"<div data-elementor-type=\"wp-page\" data-elementor-id=\"988739\" class=\"elementor elementor-988739\" data-elementor-post-type=\"page\">\n\t\t\t\t<div class=\"elementor-element elementor-element-c548e86 e-flex e-con-boxed e-con e-parent\" data-id=\"c548e86\" data-element_type=\"container\">\n\t\t\t\t\t<div class=\"e-con-inner\">\n\t\t\t\t<div class=\"elementor-element elementor-element-1d4eaf9 elementor-widget elementor-widget-heading\" data-id=\"1d4eaf9\" data-element_type=\"widget\" data-widget_type=\"heading.default\">\n\t\t\t\t<div class=\"elementor-widget-container\">\n\t\t\t\t\t<h2 class=\"elementor-heading-title elementor-size-default\">Terms of Use<\/h2>\t\t\t\t<\/div>\n\t\t\t\t<\/div>\n\t\t\t\t<div class=\"elementor-element elementor-element-3d3f686 elementor-widget elementor-widget-text-editor\" data-id=\"3d3f686\" data-element_type=\"widget\" data-widget_type=\"text-editor.default\">\n\t\t\t\t<div class=\"elementor-widget-container\">\n\t\t\t\t\t\t\t\t\t<p data-path-to-node=\"6\"><b data-path-to-node=\"6\" data-index-in-node=\"0\">CUMBUL GLOBAL WEBSITE TERMS OF USE<\/b><\/p><p data-path-to-node=\"7\">This website (<a class=\"ng-star-inserted\" href=\"https:\/\/www.google.com\/search?q=https:\/\/www.cumbul.com\" target=\"_blank\" rel=\"noopener\" data-hveid=\"0\" data-ved=\"0CAAQ_4QMahcKEwis3Nq69oOTAxUAAAAAHQAAAAAQLw\">www.cumbul.com<\/a>.By visiting or using (.tr), you agree to the following terms and conditions:<\/p><p data-path-to-node=\"8\"><b data-path-to-node=\"8\" data-index-in-node=\"0\">1. Intellectual Property Rights:<\/b> All content on this site (texts, graphics, logos, images, software, and site design) belongs to or is used under license from Cumbul Corporation. This content may not be copied, reproduced, distributed, or used for commercial purposes without prior written permission.<\/p><p data-path-to-node=\"9\"><b data-path-to-node=\"9\" data-index-in-node=\"0\">2. Disclaimer:<\/b> The information on our website is provided &quot;as is&quot;. Cumbul Global makes no express or implied warranty as to the accuracy, timeliness, or completeness of this information. Cumbul Global cannot be held liable for any direct or indirect damages that may arise from the use of the site or the inability to access the site.<\/p><p data-path-to-node=\"10\"><b data-path-to-node=\"10\" data-index-in-node=\"0\">3. Third-Party Connections:<\/b> Our website may contain links to third-party websites that are not under our control. Our company is not responsible for the content or privacy practices of these sites.<\/p><p data-path-to-node=\"11\"><b data-path-to-node=\"11\" data-index-in-node=\"0\">4. Applicable Law and Authority:<\/b> These Terms of Use are governed by the laws of the Republic of Turkey. The Courts and Enforcement Offices of Bursa shall have jurisdiction over any disputes arising from these terms.<\/p>\t\t\t\t\t\t\t\t<\/div>\n\t\t\t\t<\/div>\n\t\t\t\t\t<\/div>\n\t\t\t\t<\/div>\n\t\t\t\t<\/div>","protected":false},"excerpt":{"rendered":"<p>CUMBUL GLOBAL WEB S\u0130TES\u0130 KULLANIM KO\u015eULLARI Bu web sitesini (www.cumbul.com.tr) ziyaret ederek veya kullanarak a\u015fa\u011f\u0131daki ko\u015fullar\u0131 kabul etmi\u015f say\u0131l\u0131rs\u0131n\u0131z: 1. Fikri M\u00fclkiyet Haklar\u0131: Bu sitede yer alan t\u00fcm i\u00e7erikler (metinler, grafikler, logolar, resimler, yaz\u0131l\u0131mlar ve site tasar\u0131m\u0131) Cumbul Corporation&#8217;a aittir veya lisansl\u0131 olarak kullan\u0131lmaktad\u0131r. \u00d6nceden yaz\u0131l\u0131 izin al\u0131nmaks\u0131z\u0131n bu i\u00e7erikler kopyalanamaz, \u00e7o\u011falt\u0131lamaz, da\u011f\u0131t\u0131lamaz veya ticari&#8230;<\/p>","protected":false},"author":1,"featured_media":0,"parent":0,"menu_order":0,"comment_status":"closed","ping_status":"closed","template":"elementor_header_footer","meta":{"footnotes":""},"class_list":["post-988739","page","type-page","status-publish","hentry"],"_links":{"self":[{"href":"https:\/\/www.cumbul.com.tr\/en\/wp-json\/wp\/v2\/pages\/988739","targetHints":{"allow":["GET"]}}],"collection":[{"href":"https:\/\/www.cumbul.com.tr\/en\/wp-json\/wp\/v2\/pages"}],"about":[{"href":"https:\/\/www.cumbul.com.tr\/en\/wp-json\/wp\/v2\/types\/page"}],"author":[{"embeddable":true,"href":"https:\/\/www.cumbul.com.tr\/en\/wp-json\/wp\/v2\/users\/1"}],"replies":[{"embeddable":true,"href":"https:\/\/www.cumbul.com.tr\/en\/wp-json\/wp\/v2\/comments?post=988739"}],"version-history":[{"count":0,"href":"https:\/\/www.cumbul.com.tr\/en\/wp-json\/wp\/v2\/pages\/988739\/revisions"}],"wp:attachment":[{"href":"https:\/\/www.cumbul.com.tr\/en\/wp-json\/wp\/v2\/media?parent=988739"}],"curies":[{"name":"wp","href":"https:\/\/api.w.org\/{rel}","templated":true}]}}