{"id":988744,"date":"2026-03-03T17:30:40","date_gmt":"2026-03-03T14:30:40","guid":{"rendered":"https:\/\/www.cumbul.com.tr\/?page_id=988744"},"modified":"2026-03-03T17:31:15","modified_gmt":"2026-03-03T14:31:15","slug":"privacy-policy","status":"publish","type":"page","link":"https:\/\/www.cumbul.com.tr\/en\/gizlilik-politikasi\/","title":{"rendered":"Privacy Policy"},"content":{"rendered":"<div data-elementor-type=\"wp-page\" data-elementor-id=\"988744\" class=\"elementor elementor-988744\" data-elementor-post-type=\"page\">\n\t\t\t\t<div class=\"elementor-element elementor-element-3cfe56c e-flex e-con-boxed e-con e-parent\" data-id=\"3cfe56c\" data-element_type=\"container\">\n\t\t\t\t\t<div class=\"e-con-inner\">\n\t\t\t\t<div class=\"elementor-element elementor-element-46d3437 elementor-widget elementor-widget-heading\" data-id=\"46d3437\" data-element_type=\"widget\" data-widget_type=\"heading.default\">\n\t\t\t\t<div class=\"elementor-widget-container\">\n\t\t\t\t\t<h2 class=\"elementor-heading-title elementor-size-default\">Privacy Policy<\/h2>\t\t\t\t<\/div>\n\t\t\t\t<\/div>\n\t\t\t\t<div class=\"elementor-element elementor-element-946297f elementor-widget elementor-widget-text-editor\" data-id=\"946297f\" data-element_type=\"widget\" data-widget_type=\"text-editor.default\">\n\t\t\t\t<div class=\"elementor-widget-container\">\n\t\t\t\t\t\t\t\t\t<p data-path-to-node=\"14\"><b data-path-to-node=\"14\" data-index-in-node=\"0\">CUMBUL GLOBAL PRIVACY POLICY<\/b><\/p><p data-path-to-node=\"15\">As Cumbul Global, <code data-path-to-node=\"15\" data-index-in-node=\"22\">www.cumbul.com.tr<\/code> We place great importance on your security and privacy during your visit to our website.<\/p><p data-path-to-node=\"16\"><b data-path-to-node=\"16\" data-index-in-node=\"0\">1. What Information Do We Collect?<\/b> During your visit to the site, anonymous usage data is automatically collected through server logs (IP address, browser type, visit duration, etc.) and cookies. We also collect your contact information that you voluntarily provide through forms.<\/p><p data-path-to-node=\"17\"><b data-path-to-node=\"17\" data-index-in-node=\"0\">2. Use of Information:<\/b> The data collected is used to improve the performance of our website, enhance user experience, ensure security, and to contact you (upon your request).<\/p><p data-path-to-node=\"18\"><b data-path-to-node=\"18\" data-index-in-node=\"0\">3. Cookies:<\/b> Essential cookies are used to ensure the proper functioning of our website. You can delete or block cookies through your browser settings; however, this may cause some functions of the site to not work properly.<\/p><p data-path-to-node=\"19\"><b data-path-to-node=\"19\" data-index-in-node=\"0\">4. Data Security:<\/b> Your personal data is protected by industry-standard firewalls and SSL encryption technologies. Except for legally mandated requirements, your information will not be shared or sold to any third-party company for commercial purposes.<\/p>\t\t\t\t\t\t\t\t<\/div>\n\t\t\t\t<\/div>\n\t\t\t\t\t<\/div>\n\t\t\t\t<\/div>\n\t\t\t\t<\/div>","protected":false},"excerpt":{"rendered":"<p>CUMBUL GLOBAL G\u0130ZL\u0130L\u0130K POL\u0130T\u0130KASI Cumbul Global olarak, www.cumbul.com.tr adresini ziyaretiniz s\u0131ras\u0131nda g\u00fcvenli\u011finize ve gizlili\u011finize b\u00fcy\u00fck \u00f6nem veriyoruz. 1. Hangi Bilgileri Topluyoruz? Siteyi ziyaretiniz s\u0131ras\u0131nda otomatik olarak sunucu g\u00fcnl\u00fckleri (IP adresi, taray\u0131c\u0131 t\u00fcr\u00fc, ziyaret s\u00fcresi vb.) ve \u00e7erezler (cookies) arac\u0131l\u0131\u011f\u0131yla anonim kullan\u0131m verileri toplanmaktad\u0131r. Ayr\u0131ca formlar arac\u0131l\u0131\u011f\u0131yla kendi iste\u011finizle sundu\u011funuz ileti\u015fim bilgilerinizi topluyoruz. 2. Bilgilerin Kullan\u0131m\u0131:&#8230;<\/p>","protected":false},"author":1,"featured_media":0,"parent":0,"menu_order":0,"comment_status":"closed","ping_status":"closed","template":"elementor_header_footer","meta":{"footnotes":""},"class_list":["post-988744","page","type-page","status-publish","hentry"],"_links":{"self":[{"href":"https:\/\/www.cumbul.com.tr\/en\/wp-json\/wp\/v2\/pages\/988744","targetHints":{"allow":["GET"]}}],"collection":[{"href":"https:\/\/www.cumbul.com.tr\/en\/wp-json\/wp\/v2\/pages"}],"about":[{"href":"https:\/\/www.cumbul.com.tr\/en\/wp-json\/wp\/v2\/types\/page"}],"author":[{"embeddable":true,"href":"https:\/\/www.cumbul.com.tr\/en\/wp-json\/wp\/v2\/users\/1"}],"replies":[{"embeddable":true,"href":"https:\/\/www.cumbul.com.tr\/en\/wp-json\/wp\/v2\/comments?post=988744"}],"version-history":[{"count":0,"href":"https:\/\/www.cumbul.com.tr\/en\/wp-json\/wp\/v2\/pages\/988744\/revisions"}],"wp:attachment":[{"href":"https:\/\/www.cumbul.com.tr\/en\/wp-json\/wp\/v2\/media?parent=988744"}],"curies":[{"name":"wp","href":"https:\/\/api.w.org\/{rel}","templated":true}]}}